{"id":6572,"date":"2022-09-28T11:07:15","date_gmt":"2022-09-28T08:07:15","guid":{"rendered":"https:\/\/demo7.bilimnetweb.com\/?page_id=6572"},"modified":"2022-09-28T11:08:49","modified_gmt":"2022-09-28T08:08:49","slug":"hakkimizda","status":"publish","type":"page","link":"https:\/\/petraisg.com\/?page_id=6572","title":{"rendered":"Hakk\u0131m\u0131zda"},"content":{"rendered":"\t\t<div data-elementor-type=\"wp-page\" data-elementor-id=\"6572\" class=\"elementor elementor-6572\">\n\t\t\t\t\t\t\t\t\t<section class=\"elementor-section elementor-top-section elementor-element elementor-element-0a7202d elementor-section-boxed elementor-section-height-default elementor-section-height-default\" data-id=\"0a7202d\" data-element_type=\"section\">\n\t\t\t\t\t\t<div class=\"elementor-container elementor-column-gap-default\">\n\t\t\t\t\t<div class=\"elementor-column elementor-col-50 elementor-top-column elementor-element elementor-element-55138ff\" data-id=\"55138ff\" data-element_type=\"column\">\n\t\t\t<div class=\"elementor-widget-wrap elementor-element-populated\">\n\t\t\t\t\t\t\t\t<div class=\"elementor-element elementor-element-5d44b56 elementor-widget elementor-widget-creote-title-v1\" data-id=\"5d44b56\" data-element_type=\"widget\" data-widget_type=\"creote-title-v1.default\">\n\t\t\t\t<div class=\"elementor-widget-container\">\n\t\t\t<div class=\"title_all_box style_one  dark_color\">\r\n         <div class=\"title_sections left\">\r\n            <div class=\"before_title\">\r\n         Petra \u0130sg      <\/div>\r\n                    <div class=\"title\">  Hakk\u0131m\u0131zda<\/div>\r\n               <\/div>\r\n               \r\n<\/div>\r\n\t\t<\/div>\n\t\t\t\t<\/div>\n\t\t\t\t<div class=\"elementor-element elementor-element-d1c92db elementor-widget elementor-widget-creote-description-v1\" data-id=\"d1c92db\" data-element_type=\"widget\" data-widget_type=\"creote-description-v1.default\">\n\t\t\t\t<div class=\"elementor-widget-container\">\n\t\t\t<div class=\"description_box\" >\r\n    <p>PETRA; muayene faaliyetlerini, tarafs\u0131zl\u0131k ve ba\u011f\u0131ms\u0131z i\u00e7erisinde yer alan t\u00fcm taraflar i\u00e7in bir katma de\u011fer ve g\u00fcven esasl\u0131 hizmetlerini \u015fu \u015fartlar\u0131 g\u00f6zeterek sa\u011flar:<br>\n\u2013 Yasal ve ISO\/IEC 17020:2012 \u015fartlar\u0131na uygun, uymak zorunda oldu\u011fu ulusal ve uluslararas\u0131 gereklilikler ve mevzuatlar do\u011frultusunda hizmet vermek,<br>\n\u2013 Muayene uygulamalar\u0131n\u0131n geli\u015fmesine katk\u0131 sa\u011flamak,<br>\n\u2013 Ba\u011f\u0131ms\u0131z, e\u015fit ve tarafs\u0131z olmak,<br>\n\u2013 Sayg\u0131n ve itibarl\u0131 olmak,<br>\n\u2013 Nitelikli ve g\u00fcvenilir olmak,<br>\n\u2013 Yeterli say\u0131da ve de\u011ferlendirece\u011fi alanda \u00fcst seviyede uzmanlarla \u00e7al\u0131\u015fmak,<br>\n\u2013 B\u00fcnyesinde \u00e7al\u0131\u015fmas\u0131n\u0131n ayr\u0131cal\u0131kl\u0131 oldu\u011funa inanan ve s\u00fcrekli geli\u015fimi i\u00e7in te\u015fvik edilen ve desteklenen personeli ile muayene hizmetleri vermek,<br>\n\u2013 Bilgi G\u00fcvenli\u011fi Y\u00f6netimin temeli olan; Gizlilik, B\u00fct\u00fcnl\u00fck, Eri\u015filebilirlik ilkeleri \u00e7er\u00e7evesinde muayenenin yap\u0131lmas\u0131n\u0131 sa\u011flamak,<br>\n\u2013 S\u00fcrekli iyile\u015fen ve geli\u015fen dinamik bir kurulu\u015f olmak.<\/p>\r\n  <\/div>\r\n\t\t<\/div>\n\t\t\t\t<\/div>\n\t\t\t\t\t<\/div>\n\t\t<\/div>\n\t\t\t\t<div class=\"elementor-column elementor-col-50 elementor-top-column elementor-element elementor-element-bfd1edc\" data-id=\"bfd1edc\" data-element_type=\"column\">\n\t\t\t<div class=\"elementor-widget-wrap elementor-element-populated\">\n\t\t\t\t\t\t\t\t<div class=\"elementor-element elementor-element-a9fb537 elementor-widget elementor-widget-creote-image-box-v1\" data-id=\"a9fb537\" data-element_type=\"widget\" data-widget_type=\"creote-image-box-v1.default\">\n\t\t\t\t<div class=\"elementor-widget-container\">\n\t\t\t<div class=\"image_boxes style_two\" >\r\n         <div class=\"image one\">\r\n      <img decoding=\"async\" src=\"https:\/\/demo7.bilimnetweb.com\/wp-content\/uploads\/2022\/04\/banner-11-1-bg-min-3.jpg\" class=\"img\" alt=\"image\" \/>\r\n   <\/div>\r\n         <div class=\"image two\">\r\n      <img decoding=\"async\" src=\"https:\/\/demo7.bilimnetweb.com\/wp-content\/uploads\/2022\/08\/electric-4198293_1920.jpg\" class=\"img\" alt=\"image\" \/>\r\n         <\/div>\r\n      <\/div>\r\n \r\n\t\t<\/div>\n\t\t\t\t<\/div>\n\t\t\t\t\t<\/div>\n\t\t<\/div>\n\t\t\t\t\t\t\t<\/div>\n\t\t<\/section>\n\t\t\t\t\t\t\t<\/div>\n\t\t","protected":false},"excerpt":{"rendered":"<p>Petra \u0130sg Hakk\u0131m\u0131zda PETRA; muayene faaliyetlerini, tarafs\u0131zl\u0131k ve ba\u011f\u0131ms\u0131z i\u00e7erisinde yer alan t\u00fcm taraflar i\u00e7in bir katma de\u011fer ve g\u00fcven esasl\u0131 hizmetlerini \u015fu \u015fartlar\u0131 g\u00f6zeterek sa\u011flar: \u2013 Yasal ve ISO\/IEC 17020:2012 \u015fartlar\u0131na uygun, uymak zorunda oldu\u011fu ulusal ve uluslararas\u0131 gereklilikler ve mevzuatlar do\u011frultusunda hizmet vermek, \u2013 Muayene uygulamalar\u0131n\u0131n geli\u015fmesine katk\u0131 sa\u011flamak, \u2013 Ba\u011f\u0131ms\u0131z, e\u015fit ve [&hellip;]<\/p>\n","protected":false},"author":1,"featured_media":0,"parent":0,"menu_order":0,"comment_status":"closed","ping_status":"closed","template":"template-fullwidth.php","meta":{"footnotes":""},"class_list":["post-6572","page","type-page","status-publish","hentry"],"_links":{"self":[{"href":"https:\/\/petraisg.com\/index.php?rest_route=\/wp\/v2\/pages\/6572","targetHints":{"allow":["GET"]}}],"collection":[{"href":"https:\/\/petraisg.com\/index.php?rest_route=\/wp\/v2\/pages"}],"about":[{"href":"https:\/\/petraisg.com\/index.php?rest_route=\/wp\/v2\/types\/page"}],"author":[{"embeddable":true,"href":"https:\/\/petraisg.com\/index.php?rest_route=\/wp\/v2\/users\/1"}],"replies":[{"embeddable":true,"href":"https:\/\/petraisg.com\/index.php?rest_route=%2Fwp%2Fv2%2Fcomments&post=6572"}],"version-history":[{"count":4,"href":"https:\/\/petraisg.com\/index.php?rest_route=\/wp\/v2\/pages\/6572\/revisions"}],"predecessor-version":[{"id":6576,"href":"https:\/\/petraisg.com\/index.php?rest_route=\/wp\/v2\/pages\/6572\/revisions\/6576"}],"wp:attachment":[{"href":"https:\/\/petraisg.com\/index.php?rest_route=%2Fwp%2Fv2%2Fmedia&parent=6572"}],"curies":[{"name":"wp","href":"https:\/\/api.w.org\/{rel}","templated":true}]}}