{"id":6525,"date":"2022-09-28T10:42:22","date_gmt":"2022-09-28T07:42:22","guid":{"rendered":"https:\/\/demo7.bilimnetweb.com\/?page_id=6525"},"modified":"2022-09-28T10:45:04","modified_gmt":"2022-09-28T07:45:04","slug":"tarafsizlik","status":"publish","type":"page","link":"https:\/\/petraisg.com\/?page_id=6525","title":{"rendered":"Tarafs\u0131zl\u0131k Beyan\u0131"},"content":{"rendered":"\t\t<div data-elementor-type=\"wp-page\" data-elementor-id=\"6525\" class=\"elementor elementor-6525\">\n\t\t\t\t\t\t\t\t\t<section class=\"elementor-section elementor-top-section elementor-element elementor-element-0a7202d elementor-section-boxed elementor-section-height-default elementor-section-height-default\" data-id=\"0a7202d\" data-element_type=\"section\">\n\t\t\t\t\t\t<div class=\"elementor-container elementor-column-gap-default\">\n\t\t\t\t\t<div class=\"elementor-column elementor-col-100 elementor-top-column elementor-element elementor-element-55138ff\" data-id=\"55138ff\" data-element_type=\"column\">\n\t\t\t<div class=\"elementor-widget-wrap elementor-element-populated\">\n\t\t\t\t\t\t\t\t<div class=\"elementor-element elementor-element-5d44b56 elementor-widget elementor-widget-creote-title-v1\" data-id=\"5d44b56\" data-element_type=\"widget\" data-widget_type=\"creote-title-v1.default\">\n\t\t\t\t<div class=\"elementor-widget-container\">\n\t\t\t<div class=\"title_all_box style_one  dark_color\">\r\n         <div class=\"title_sections left\">\r\n            <div class=\"before_title\">\r\n         Petra \u0130sg      <\/div>\r\n                    <div class=\"title\">  Tarafs\u0131zl\u0131k ve Gizlilik Beyan\u0131<\/div>\r\n               <\/div>\r\n               \r\n<\/div>\r\n\t\t<\/div>\n\t\t\t\t<\/div>\n\t\t\t\t<div class=\"elementor-element elementor-element-d1c92db elementor-widget elementor-widget-creote-description-v1\" data-id=\"d1c92db\" data-element_type=\"widget\" data-widget_type=\"creote-description-v1.default\">\n\t\t\t\t<div class=\"elementor-widget-container\">\n\t\t\t<div class=\"description_box\" >\r\n    <p>-\tGer\u00e7ekle\u015ftirdi\u011fi muayene hizmetlerinde tarafs\u0131zl\u0131\u011fa, ba\u011f\u0131ms\u0131zl\u0131\u011fa ve gizlili\u011fe \u00f6nem verecektir,<br>\n-\tMuayene hizmetlerinin en iyi \u015fekilde y\u00fcr\u00fct\u00fclmesi, m\u00fc\u015fterilerimizin s\u00fcrekli memnuniyetinin sa\u011flanmas\u0131 ve \u015fik\u00e2yetlerin minimumda tutulabilmesi i\u00e7in gerekli t\u00fcm kaynaklar temin edilecektir,<br>\n-\tMuayene hizmetleri i\u00e7in kendisine ba\u015fvuruda bulunan m\u00fc\u015fteri kurulu\u015flar\u0131na, hi\u00e7bir \u015fekilde uygulamay\u0131 h\u0131zland\u0131rarak veya yava\u015flatarak gizli veya do\u011frudan ayr\u0131mc\u0131 uygulamalarda bulunmayacakt\u0131r,<br>\n-\tHizmetlerinin, faaliyetleri kendi i\u015fletim kapsam\u0131 i\u00e7erisinde yer alan t\u00fcm ba\u015fvuru sahipleri i\u00e7in eri\u015filebilir olmas\u0131n\u0131 sa\u011flayacakt\u0131r,<br>\n-\tMuayene hizmetlerine eri\u015fim; m\u00fc\u015fterinin \u00f6l\u00e7e\u011fine veya herhangi bir birlik veya gruba \u00fcye olmas\u0131na ya da verilmi\u015f hizmetlerinin say\u0131s\u0131na ba\u011fl\u0131 olmayacakt\u0131r. Mali veya di\u011fer a\u00e7\u0131lardan a\u015f\u0131r\u0131 durumlar olmayacakt\u0131r,<br>\n-\tMuayene m\u00fc\u015fterilerinin ba\u015fvurular\u0131n\u0131n al\u0131nmas\u0131 esnas\u0131nda, \u00e7\u0131kar \u00e7at\u0131\u015fmas\u0131na neden olabilecek her hangi bir durum s\u00f6z konusu ise bu m\u00fc\u015fteri kurulu\u015flara hizmet verilmeyecektir,<br>\n-\tFaaliyetlerini y\u00fcr\u00fct\u00fcrken, \u00e7al\u0131\u015fanlar\u0131n\u0131n her t\u00fcr siyasi, ticari ve mali bask\u0131lardan uzak olmas\u0131n\u0131 garanti alt\u0131na alacakt\u0131r,<br>\n-\tMuayene faaliyetlerine kat\u0131lan b\u00fct\u00fcn personel kararlar\u0131n\u0131, hi\u00e7bir \u015fah\u0131s veya kurumun etkisi alt\u0131nda kalmadan alacakt\u0131r,<br>\n-\tPETRA, muayene faaliyetlerinde, taraflara objektif olarak yakla\u015f\u0131m sergilemektedir ve \u00e7\u0131kar \u00e7at\u0131\u015fmas\u0131na sebebiyet verebilecek durumlar i\u00e7in gerekli tedbirleri, tehlikelerin ortadan kald\u0131r\u0131lmas\u0131 veya azalt\u0131lmas\u0131 i\u00e7in yakla\u015f\u0131mlar\u0131 belirlemi\u015ftir,<br>\n-\tPETRA, muayene faaliyetleri kapsam\u0131nda, \u00fc\u00e7\u00fcnc\u00fc taraflara kar\u015f\u0131 olu\u015fabilecek zarar veya risklere kar\u015f\u0131 mesleki sorumluluk sigortas\u0131 yapt\u0131rm\u0131\u015ft\u0131r,<br>\n-\tPETRA, muayenesi yap\u0131lan \u00fcr\u00fcnlerin; tasar\u0131m, uygulama, i\u015fletim veya s\u00fcrd\u00fcrme faaliyetlerini ger\u00e7ekle\u015ftirmeyece\u011fini ve hizmet verilen t\u00fcm muayene alanlar\u0131yla ilgili \u00e7\u0131kar \u00e7at\u0131\u015fmas\u0131 olu\u015fturacak herhangi bir i\u015f ya da i\u015f orta\u011f\u0131n\u0131n bulunmad\u0131\u011f\u0131n\u0131 taahh\u00fct eder.\n<\/p>\r\n  <\/div>\r\n\t\t<\/div>\n\t\t\t\t<\/div>\n\t\t\t\t\t<\/div>\n\t\t<\/div>\n\t\t\t\t\t\t\t<\/div>\n\t\t<\/section>\n\t\t\t\t\t\t\t<\/div>\n\t\t","protected":false},"excerpt":{"rendered":"<p>Petra \u0130sg Tarafs\u0131zl\u0131k ve Gizlilik Beyan\u0131 &#8211; Ger\u00e7ekle\u015ftirdi\u011fi muayene hizmetlerinde tarafs\u0131zl\u0131\u011fa, ba\u011f\u0131ms\u0131zl\u0131\u011fa ve gizlili\u011fe \u00f6nem verecektir, &#8211; Muayene hizmetlerinin en iyi \u015fekilde y\u00fcr\u00fct\u00fclmesi, m\u00fc\u015fterilerimizin s\u00fcrekli memnuniyetinin sa\u011flanmas\u0131 ve \u015fik\u00e2yetlerin minimumda tutulabilmesi i\u00e7in gerekli t\u00fcm kaynaklar temin edilecektir, &#8211; Muayene hizmetleri i\u00e7in kendisine ba\u015fvuruda bulunan m\u00fc\u015fteri kurulu\u015flar\u0131na, hi\u00e7bir \u015fekilde uygulamay\u0131 h\u0131zland\u0131rarak veya yava\u015flatarak gizli veya do\u011frudan [&hellip;]<\/p>\n","protected":false},"author":1,"featured_media":0,"parent":0,"menu_order":0,"comment_status":"closed","ping_status":"closed","template":"template-fullwidth.php","meta":{"footnotes":""},"class_list":["post-6525","page","type-page","status-publish","hentry"],"_links":{"self":[{"href":"https:\/\/petraisg.com\/index.php?rest_route=\/wp\/v2\/pages\/6525","targetHints":{"allow":["GET"]}}],"collection":[{"href":"https:\/\/petraisg.com\/index.php?rest_route=\/wp\/v2\/pages"}],"about":[{"href":"https:\/\/petraisg.com\/index.php?rest_route=\/wp\/v2\/types\/page"}],"author":[{"embeddable":true,"href":"https:\/\/petraisg.com\/index.php?rest_route=\/wp\/v2\/users\/1"}],"replies":[{"embeddable":true,"href":"https:\/\/petraisg.com\/index.php?rest_route=%2Fwp%2Fv2%2Fcomments&post=6525"}],"version-history":[{"count":5,"href":"https:\/\/petraisg.com\/index.php?rest_route=\/wp\/v2\/pages\/6525\/revisions"}],"predecessor-version":[{"id":6530,"href":"https:\/\/petraisg.com\/index.php?rest_route=\/wp\/v2\/pages\/6525\/revisions\/6530"}],"wp:attachment":[{"href":"https:\/\/petraisg.com\/index.php?rest_route=%2Fwp%2Fv2%2Fmedia&parent=6525"}],"curies":[{"name":"wp","href":"https:\/\/api.w.org\/{rel}","templated":true}]}}